{"id":2649,"date":"2025-03-11T16:55:47","date_gmt":"2025-03-11T16:55:47","guid":{"rendered":"https:\/\/lavarillamagica.com\/?page_id=2649"},"modified":"2025-03-20T09:33:09","modified_gmt":"2025-03-20T09:33:09","slug":"sobre-mi","status":"publish","type":"page","link":"https:\/\/lavarillamagica.com\/eus\/sobre-mi\/","title":{"rendered":"Niri buruz"},"content":{"rendered":"<div data-elementor-type=\"wp-page\" data-elementor-id=\"2649\" class=\"elementor elementor-2649\" data-elementor-post-type=\"page\">\n\t\t\t\t<div class=\"elementor-element elementor-element-9a3e28b e-flex e-con-boxed e-con e-parent\" data-id=\"9a3e28b\" data-element_type=\"container\" data-e-type=\"container\">\n\t\t\t\t\t<div class=\"e-con-inner\">\n\t\t\t\t<div class=\"elementor-element elementor-element-23ba0ea elementor-widget elementor-widget-heading\" data-id=\"23ba0ea\" data-element_type=\"widget\" data-e-type=\"widget\" data-widget_type=\"heading.default\">\n\t\t\t\t<div class=\"elementor-widget-container\">\n\t\t\t\t\t<h2 class=\"elementor-heading-title elementor-size-default\">Mayte Tallada<\/h2>\t\t\t\t<\/div>\n\t\t\t\t<\/div>\n\t\t\t\t<div class=\"elementor-element elementor-element-299aa9e elementor-widget__width-initial elementor-widget elementor-widget-image-carousel\" data-id=\"299aa9e\" data-element_type=\"widget\" data-e-type=\"widget\" data-settings=\"{&quot;slides_to_show&quot;:&quot;1&quot;,&quot;navigation&quot;:&quot;none&quot;,&quot;autoplay_speed&quot;:3000,&quot;speed&quot;:300,&quot;autoplay&quot;:&quot;yes&quot;,&quot;pause_on_hover&quot;:&quot;yes&quot;,&quot;pause_on_interaction&quot;:&quot;yes&quot;,&quot;infinite&quot;:&quot;yes&quot;,&quot;effect&quot;:&quot;slide&quot;}\" data-widget_type=\"image-carousel.default\">\n\t\t\t\t<div class=\"elementor-widget-container\">\n\t\t\t\t\t\t\t<div class=\"elementor-image-carousel-wrapper swiper\" role=\"region\" aria-roledescription=\"carousel\" aria-label=\"Carrusel de im\u00e1genes\" dir=\"ltr\">\n\t\t\t<div class=\"elementor-image-carousel swiper-wrapper\" aria-live=\"off\">\n\t\t\t\t\t\t\t\t<div class=\"swiper-slide\" role=\"group\" aria-roledescription=\"slide\" aria-label=\"1 de 5\"><figure class=\"swiper-slide-inner\"><img decoding=\"async\" class=\"swiper-slide-image\" src=\"https:\/\/lavarillamagica.com\/wp-content\/uploads\/2025\/03\/11.jpg\" alt=\"11\" \/><\/figure><\/div><div class=\"swiper-slide\" role=\"group\" aria-roledescription=\"slide\" aria-label=\"2 de 5\"><figure class=\"swiper-slide-inner\"><img decoding=\"async\" class=\"swiper-slide-image\" src=\"https:\/\/lavarillamagica.com\/wp-content\/uploads\/2025\/03\/10.jpg\" alt=\"10\" \/><\/figure><\/div><div class=\"swiper-slide\" role=\"group\" aria-roledescription=\"slide\" aria-label=\"3 de 5\"><figure class=\"swiper-slide-inner\"><img decoding=\"async\" class=\"swiper-slide-image\" src=\"https:\/\/lavarillamagica.com\/wp-content\/uploads\/2025\/03\/9.jpg\" alt=\"9\" \/><\/figure><\/div><div class=\"swiper-slide\" role=\"group\" aria-roledescription=\"slide\" aria-label=\"4 de 5\"><figure class=\"swiper-slide-inner\"><img decoding=\"async\" class=\"swiper-slide-image\" src=\"https:\/\/lavarillamagica.com\/wp-content\/uploads\/2025\/03\/8.jpg\" alt=\"8\" \/><\/figure><\/div><div class=\"swiper-slide\" role=\"group\" aria-roledescription=\"slide\" aria-label=\"5 de 5\"><figure class=\"swiper-slide-inner\"><img decoding=\"async\" class=\"swiper-slide-image\" src=\"https:\/\/lavarillamagica.com\/wp-content\/uploads\/2025\/03\/7.jpg\" alt=\"7\" \/><\/figure><\/div>\t\t\t<\/div>\n\t\t\t\t\t\t\t\n\t\t\t\t\t\t\t\t\t<\/div>\n\t\t\t\t\t\t<\/div>\n\t\t\t\t<\/div>\n\t\t\t\t\t<\/div>\n\t\t\t\t<\/div>\n\t\t<div class=\"elementor-element elementor-element-8d6b150 e-flex e-con-boxed e-con e-parent\" data-id=\"8d6b150\" data-element_type=\"container\" data-e-type=\"container\">\n\t\t\t\t\t<div class=\"e-con-inner\">\n\t\t<div class=\"elementor-element elementor-element-4602d15 e-con-full e-flex e-con e-child\" data-id=\"4602d15\" data-element_type=\"container\" data-e-type=\"container\">\n\t\t<div class=\"elementor-element elementor-element-89f0038 e-con-full e-flex e-con e-child\" data-id=\"89f0038\" data-element_type=\"container\" data-e-type=\"container\">\n\t\t\t\t<div class=\"elementor-element elementor-element-46b796c elementor-widget elementor-widget-heading\" data-id=\"46b796c\" data-element_type=\"widget\" data-e-type=\"widget\" data-widget_type=\"heading.default\">\n\t\t\t\t<div class=\"elementor-widget-container\">\n\t\t\t\t\t<h2 class=\"elementor-heading-title elementor-size-default\">Especializatua abangoardiako gozogintzan eta gozogintza sortzailean.\nGastronomiazalea eta abangoardiako gozogintzan eta sormenezko\ngozogintzan espezializatua.<\/h2>\t\t\t\t<\/div>\n\t\t\t\t<\/div>\n\t\t\t\t<\/div>\n\t\t<div class=\"elementor-element elementor-element-41fbe88 e-con-full e-flex e-con e-child\" data-id=\"41fbe88\" data-element_type=\"container\" data-e-type=\"container\">\n\t\t\t\t<div class=\"elementor-element elementor-element-cd33699 elementor-widget elementor-widget-text-editor\" data-id=\"cd33699\" data-element_type=\"widget\" data-e-type=\"widget\" data-widget_type=\"text-editor.default\">\n\t\t\t\t<div class=\"elementor-widget-container\">\n\t\t\t\t\t\t\t\t\t<p data-start=\"0\" data-end=\"338\">Gastronomiazalea eta abangoardiako gozogintzan eta sormenezko gozogintzan espezializatua.<br \/>La Varilla M\u00e1gica tailerraren jabea eta arduraduna.<br \/>Nire filosofia xehetasun bakoitza arretaz zaintzean oinarritzen da, osagai\nfreskoenak eta kalitate altuenekoak hautatzetik hasi eta azken\naurkezpeneraino. Zapore eta testuren konbinazio berriekin esperimentatzea\nmaite dut, beti nire bezeroak harritu eta gozatu nahian.<br \/>Uste dut gozotegiak une arruntak aparteko oroitzapen bihurtzeko ahalmena\nduela.<br \/>Nire Instagram kontuan,<a href=\"https:\/\/www.instagram.com\/la_varilla_magica_\">@la_varilla_magica_<\/a>nire pasioa eta dedikazioa\nislatzen duten sorkuntzen aukeraketa zaindua aurkituko duzu. <br \/>Pastel bakoitza, gozoki bakoitza, maitasunez eta xehetasunekiko arretaz\negiten da, perfekzioaren bila.<br \/>Zapore eta sentsazioen mundu bat deskubritzera gonbidatzen zaitut, non\ntradizioa berrikuntzarekin uztartzen den esperientzia paregabe eta\nerrepikaezinak sortzeko. Utzidazu zure une bereziak goxatzen !<\/p><p data-start=\"763\" data-end=\"891\" data-is-last-node=\"\" data-is-only-node=\"\">\u00a0<\/p>\t\t\t\t\t\t\t\t<\/div>\n\t\t\t\t<\/div>\n\t\t\t\t<\/div>\n\t\t\t\t<\/div>\n\t\t\t\t\t<\/div>\n\t\t\t\t<\/div>\n\t\t<div class=\"elementor-element elementor-element-5205940 e-flex e-con-boxed e-con e-parent\" data-id=\"5205940\" data-element_type=\"container\" data-e-type=\"container\">\n\t\t\t\t\t<div class=\"e-con-inner\">\n\t\t\t\t<div class=\"elementor-element elementor-element-ce78892 elementor-cta--skin-cover elementor-cta--valign-top elementor-animated-content elementor-bg-transform elementor-bg-transform-zoom-in elementor-widget elementor-widget-call-to-action\" data-id=\"ce78892\" data-element_type=\"widget\" data-e-type=\"widget\" data-widget_type=\"call-to-action.default\">\n\t\t\t\t<div class=\"elementor-widget-container\">\n\t\t\t\t\t\t\t<div class=\"elementor-cta\">\n\t\t\t\t\t<div class=\"elementor-cta__bg-wrapper\">\n\t\t\t\t<div class=\"elementor-cta__bg elementor-bg\" style=\"background-image: url(https:\/\/lavarillamagica.com\/wp-content\/uploads\/2025\/03\/filehomeuserEscritoriolavarillamagica.2025_Ikuxka_LaVarillaMagica_205_HD-2.jpg-2-scaled.jpg);\" role=\"img\" aria-label=\"filehomeuserEscritoriolavarillamagica.2025_Ikuxka_LaVarillaMagica_205_HD.jpg\"><\/div>\n\t\t\t\t<div class=\"elementor-cta__bg-overlay\"><\/div>\n\t\t\t<\/div>\n\t\t\t\t\t\t\t<div class=\"elementor-cta__content\">\n\t\t\t\t\n\t\t\t\t\t\t\t\t\t<h2 class=\"elementor-cta__title elementor-cta__content-item elementor-content-item elementor-animated-item--grow\">\n\t\t\t\t\t\t \t\t\t\t\t<\/h2>\n\t\t\t\t\n\t\t\t\t\n\t\t\t\t\t\t\t\t\t<div class=\"elementor-cta__button-wrapper elementor-cta__content-item elementor-content-item elementor-animated-item--grow\">\n\t\t\t\t\t<a class=\"elementor-cta__button elementor-button elementor-size-\" href=\"https:\/\/lavarillamagica.com\/eus\/contacto\/\">\n\t\t\t\t\t\tKontaktua\t\t\t\t\t<\/a>\n\t\t\t\t\t<\/div>\n\t\t\t\t\t\t\t<\/div>\n\t\t\t\t\t\t<\/div>\n\t\t\t\t\t\t<\/div>\n\t\t\t\t<\/div>\n\t\t\t\t\t<\/div>\n\t\t\t\t<\/div>\n\t\t\t\t<\/div>","protected":false},"excerpt":{"rendered":"<p>Mayte Tallada Especializada en pasteler\u00eda de vanguardia y reposter\u00eda creativa. Apasionada de la gastronom\u00eda y especializada en pasteler\u00eda de vanguardia y reposter\u00eda creativa.Propietaria y encargada del taller de La Varilla M\u00e1gica.Mi filosof\u00eda se basa en el cuidado meticuloso de cada detalle, desde la selecci\u00f3n de los ingredientes m\u00e1s frescos y de la m\u00e1s alta calidad, [&hellip;]<\/p>\n","protected":false},"author":3,"featured_media":0,"parent":0,"menu_order":0,"comment_status":"closed","ping_status":"closed","template":"elementor_canvas","meta":{"footnotes":""},"class_list":["post-2649","page","type-page","status-publish","hentry"],"yoast_head":"<!-- This site is optimized with the Yoast SEO plugin v27.4 - https:\/\/yoast.com\/product\/yoast-seo-wordpress\/ -->\n<title>Sobre M\u00ed - La Varilla M\u00e1gica<\/title>\n<meta name=\"robots\" content=\"index, follow, max-snippet:-1, max-image-preview:large, max-video-preview:-1\" \/>\n<link rel=\"canonical\" href=\"https:\/\/lavarillamagica.com\/eus\/sobre-mi\/\" \/>\n<meta property=\"og:locale\" content=\"en_US\" \/>\n<meta property=\"og:type\" content=\"article\" \/>\n<meta property=\"og:title\" content=\"Sobre M\u00ed - La Varilla M\u00e1gica\" \/>\n<meta property=\"og:description\" content=\"Mayte Tallada Especializada en pasteler\u00eda de vanguardia y reposter\u00eda creativa. Apasionada de la gastronom\u00eda y especializada en pasteler\u00eda de vanguardia y reposter\u00eda creativa.Propietaria y encargada del taller de La Varilla M\u00e1gica.Mi filosof\u00eda se basa en el cuidado meticuloso de cada detalle, desde la selecci\u00f3n de los ingredientes m\u00e1s frescos y de la m\u00e1s alta calidad, [&hellip;]\" \/>\n<meta property=\"og:url\" content=\"https:\/\/lavarillamagica.com\/eus\/sobre-mi\/\" \/>\n<meta property=\"og:site_name\" content=\"La Varilla M\u00e1gica\" \/>\n<meta property=\"article:modified_time\" content=\"2025-03-20T09:33:09+00:00\" \/>\n<meta property=\"og:image\" content=\"https:\/\/lavarillamagica.com\/wp-content\/uploads\/2025\/03\/11.jpg\" \/>\n<meta name=\"twitter:card\" content=\"summary_large_image\" \/>\n<meta name=\"twitter:label1\" content=\"Est. reading time\" \/>\n\t<meta name=\"twitter:data1\" content=\"3 minutua\" \/>\n<script type=\"application\/ld+json\" class=\"yoast-schema-graph\">{\"@context\":\"https:\\\/\\\/schema.org\",\"@graph\":[{\"@type\":\"WebPage\",\"@id\":\"https:\\\/\\\/lavarillamagica.com\\\/sobre-mi\\\/\",\"url\":\"https:\\\/\\\/lavarillamagica.com\\\/sobre-mi\\\/\",\"name\":\"Sobre M\u00ed - La Varilla M\u00e1gica\",\"isPartOf\":{\"@id\":\"https:\\\/\\\/lavarillamagica.com\\\/#website\"},\"primaryImageOfPage\":{\"@id\":\"https:\\\/\\\/lavarillamagica.com\\\/sobre-mi\\\/#primaryimage\"},\"image\":{\"@id\":\"https:\\\/\\\/lavarillamagica.com\\\/sobre-mi\\\/#primaryimage\"},\"thumbnailUrl\":\"https:\\\/\\\/lavarillamagica.com\\\/wp-content\\\/uploads\\\/2025\\\/03\\\/11.jpg\",\"datePublished\":\"2025-03-11T16:55:47+00:00\",\"dateModified\":\"2025-03-20T09:33:09+00:00\",\"breadcrumb\":{\"@id\":\"https:\\\/\\\/lavarillamagica.com\\\/sobre-mi\\\/#breadcrumb\"},\"inLanguage\":\"eu\",\"potentialAction\":[{\"@type\":\"ReadAction\",\"target\":[\"https:\\\/\\\/lavarillamagica.com\\\/sobre-mi\\\/\"]}]},{\"@type\":\"ImageObject\",\"inLanguage\":\"eu\",\"@id\":\"https:\\\/\\\/lavarillamagica.com\\\/sobre-mi\\\/#primaryimage\",\"url\":\"https:\\\/\\\/lavarillamagica.com\\\/wp-content\\\/uploads\\\/2025\\\/03\\\/11.jpg\",\"contentUrl\":\"https:\\\/\\\/lavarillamagica.com\\\/wp-content\\\/uploads\\\/2025\\\/03\\\/11.jpg\"},{\"@type\":\"BreadcrumbList\",\"@id\":\"https:\\\/\\\/lavarillamagica.com\\\/sobre-mi\\\/#breadcrumb\",\"itemListElement\":[{\"@type\":\"ListItem\",\"position\":1,\"name\":\"Portada\",\"item\":\"https:\\\/\\\/lavarillamagica.com\\\/\"},{\"@type\":\"ListItem\",\"position\":2,\"name\":\"Sobre M\u00ed\"}]},{\"@type\":\"WebSite\",\"@id\":\"https:\\\/\\\/lavarillamagica.com\\\/#website\",\"url\":\"https:\\\/\\\/lavarillamagica.com\\\/\",\"name\":\"La Varilla M\u00e1gica\",\"description\":\"Soy postrera, amante de la gastronom\u00eda y del mundo dulce\",\"publisher\":{\"@id\":\"https:\\\/\\\/lavarillamagica.com\\\/#organization\"},\"potentialAction\":[{\"@type\":\"SearchAction\",\"target\":{\"@type\":\"EntryPoint\",\"urlTemplate\":\"https:\\\/\\\/lavarillamagica.com\\\/?s={search_term_string}\"},\"query-input\":{\"@type\":\"PropertyValueSpecification\",\"valueRequired\":true,\"valueName\":\"search_term_string\"}}],\"inLanguage\":\"eu\"},{\"@type\":\"Organization\",\"@id\":\"https:\\\/\\\/lavarillamagica.com\\\/#organization\",\"name\":\"La Varilla M\u00e1gica\",\"url\":\"https:\\\/\\\/lavarillamagica.com\\\/\",\"logo\":{\"@type\":\"ImageObject\",\"inLanguage\":\"eu\",\"@id\":\"https:\\\/\\\/lavarillamagica.com\\\/#\\\/schema\\\/logo\\\/image\\\/\",\"url\":\"https:\\\/\\\/lavarillamagica.com\\\/wp-content\\\/uploads\\\/2024\\\/12\\\/cropped-Design-sem-nome-1.jpg\",\"contentUrl\":\"https:\\\/\\\/lavarillamagica.com\\\/wp-content\\\/uploads\\\/2024\\\/12\\\/cropped-Design-sem-nome-1.jpg\",\"width\":1280,\"height\":1280,\"caption\":\"La Varilla M\u00e1gica\"},\"image\":{\"@id\":\"https:\\\/\\\/lavarillamagica.com\\\/#\\\/schema\\\/logo\\\/image\\\/\"}}]}<\/script>\n<!-- \/ Yoast SEO plugin. -->","yoast_head_json":{"title":"Sobre M\u00ed - La Varilla M\u00e1gica","robots":{"index":"index","follow":"follow","max-snippet":"max-snippet:-1","max-image-preview":"max-image-preview:large","max-video-preview":"max-video-preview:-1"},"canonical":"https:\/\/lavarillamagica.com\/eus\/sobre-mi\/","og_locale":"en_US","og_type":"article","og_title":"Sobre M\u00ed - La Varilla M\u00e1gica","og_description":"Mayte Tallada Especializada en pasteler\u00eda de vanguardia y reposter\u00eda creativa. Apasionada de la gastronom\u00eda y especializada en pasteler\u00eda de vanguardia y reposter\u00eda creativa.Propietaria y encargada del taller de La Varilla M\u00e1gica.Mi filosof\u00eda se basa en el cuidado meticuloso de cada detalle, desde la selecci\u00f3n de los ingredientes m\u00e1s frescos y de la m\u00e1s alta calidad, [&hellip;]","og_url":"https:\/\/lavarillamagica.com\/eus\/sobre-mi\/","og_site_name":"La Varilla M\u00e1gica","article_modified_time":"2025-03-20T09:33:09+00:00","og_image":[{"url":"https:\/\/lavarillamagica.com\/wp-content\/uploads\/2025\/03\/11.jpg","type":"","width":"","height":""}],"twitter_card":"summary_large_image","twitter_misc":{"Est. reading time":"3 minutua"},"schema":{"@context":"https:\/\/schema.org","@graph":[{"@type":"WebPage","@id":"https:\/\/lavarillamagica.com\/sobre-mi\/","url":"https:\/\/lavarillamagica.com\/sobre-mi\/","name":"Sobre M\u00ed - La Varilla M\u00e1gica","isPartOf":{"@id":"https:\/\/lavarillamagica.com\/#website"},"primaryImageOfPage":{"@id":"https:\/\/lavarillamagica.com\/sobre-mi\/#primaryimage"},"image":{"@id":"https:\/\/lavarillamagica.com\/sobre-mi\/#primaryimage"},"thumbnailUrl":"https:\/\/lavarillamagica.com\/wp-content\/uploads\/2025\/03\/11.jpg","datePublished":"2025-03-11T16:55:47+00:00","dateModified":"2025-03-20T09:33:09+00:00","breadcrumb":{"@id":"https:\/\/lavarillamagica.com\/sobre-mi\/#breadcrumb"},"inLanguage":"eu","potentialAction":[{"@type":"ReadAction","target":["https:\/\/lavarillamagica.com\/sobre-mi\/"]}]},{"@type":"ImageObject","inLanguage":"eu","@id":"https:\/\/lavarillamagica.com\/sobre-mi\/#primaryimage","url":"https:\/\/lavarillamagica.com\/wp-content\/uploads\/2025\/03\/11.jpg","contentUrl":"https:\/\/lavarillamagica.com\/wp-content\/uploads\/2025\/03\/11.jpg"},{"@type":"BreadcrumbList","@id":"https:\/\/lavarillamagica.com\/sobre-mi\/#breadcrumb","itemListElement":[{"@type":"ListItem","position":1,"name":"Portada","item":"https:\/\/lavarillamagica.com\/"},{"@type":"ListItem","position":2,"name":"Sobre M\u00ed"}]},{"@type":"WebSite","@id":"https:\/\/lavarillamagica.com\/#website","url":"https:\/\/lavarillamagica.com\/","name":"La Varilla M\u00e1gica","description":"Soy postrera, amante de la gastronom\u00eda y del mundo dulce","publisher":{"@id":"https:\/\/lavarillamagica.com\/#organization"},"potentialAction":[{"@type":"SearchAction","target":{"@type":"EntryPoint","urlTemplate":"https:\/\/lavarillamagica.com\/?s={search_term_string}"},"query-input":{"@type":"PropertyValueSpecification","valueRequired":true,"valueName":"search_term_string"}}],"inLanguage":"eu"},{"@type":"Organization","@id":"https:\/\/lavarillamagica.com\/#organization","name":"La Varilla M\u00e1gica","url":"https:\/\/lavarillamagica.com\/","logo":{"@type":"ImageObject","inLanguage":"eu","@id":"https:\/\/lavarillamagica.com\/#\/schema\/logo\/image\/","url":"https:\/\/lavarillamagica.com\/wp-content\/uploads\/2024\/12\/cropped-Design-sem-nome-1.jpg","contentUrl":"https:\/\/lavarillamagica.com\/wp-content\/uploads\/2024\/12\/cropped-Design-sem-nome-1.jpg","width":1280,"height":1280,"caption":"La Varilla M\u00e1gica"},"image":{"@id":"https:\/\/lavarillamagica.com\/#\/schema\/logo\/image\/"}}]}},"_links":{"self":[{"href":"https:\/\/lavarillamagica.com\/eus\/wp-json\/wp\/v2\/pages\/2649","targetHints":{"allow":["GET"]}}],"collection":[{"href":"https:\/\/lavarillamagica.com\/eus\/wp-json\/wp\/v2\/pages"}],"about":[{"href":"https:\/\/lavarillamagica.com\/eus\/wp-json\/wp\/v2\/types\/page"}],"author":[{"embeddable":true,"href":"https:\/\/lavarillamagica.com\/eus\/wp-json\/wp\/v2\/users\/3"}],"replies":[{"embeddable":true,"href":"https:\/\/lavarillamagica.com\/eus\/wp-json\/wp\/v2\/comments?post=2649"}],"version-history":[{"count":35,"href":"https:\/\/lavarillamagica.com\/eus\/wp-json\/wp\/v2\/pages\/2649\/revisions"}],"predecessor-version":[{"id":2899,"href":"https:\/\/lavarillamagica.com\/eus\/wp-json\/wp\/v2\/pages\/2649\/revisions\/2899"}],"wp:attachment":[{"href":"https:\/\/lavarillamagica.com\/eus\/wp-json\/wp\/v2\/media?parent=2649"}],"curies":[{"name":"wp","href":"https:\/\/api.w.org\/{rel}","templated":true}]}}