{"id":16,"date":"2024-07-08T11:33:36","date_gmt":"2024-07-08T11:33:36","guid":{"rendered":"https:\/\/restaurantekukutze.rkinformatika.online\/?page_id=16"},"modified":"2025-03-20T08:53:06","modified_gmt":"2025-03-20T08:53:06","slug":"servicios","status":"publish","type":"page","link":"https:\/\/lavarillamagica.com\/eus\/servicios\/","title":{"rendered":"Gozotegia"},"content":{"rendered":"<div data-elementor-type=\"wp-page\" data-elementor-id=\"16\" class=\"elementor elementor-16\" data-elementor-post-type=\"page\">\n\t\t\t\t<div class=\"elementor-element elementor-element-c6dd797 e-flex e-con-boxed e-con e-parent\" data-id=\"c6dd797\" data-element_type=\"container\" data-e-type=\"container\">\n\t\t\t\t\t<div class=\"e-con-inner\">\n\t\t<div class=\"elementor-element elementor-element-1e22d3e e-con-full e-flex e-con e-child\" data-id=\"1e22d3e\" data-element_type=\"container\" data-e-type=\"container\">\n\t\t\t\t<div class=\"elementor-element elementor-element-b6e89df elementor-widget elementor-widget-heading\" data-id=\"b6e89df\" data-element_type=\"widget\" data-e-type=\"widget\" data-widget_type=\"heading.default\">\n\t\t\t\t<div class=\"elementor-widget-container\">\n\t\t\t\t\t<h2 class=\"elementor-heading-title elementor-size-default\">HEMEN GERTATZEN DA MAGIA<\/h2>\t\t\t\t<\/div>\n\t\t\t\t<\/div>\n\t\t\t\t<div class=\"elementor-element elementor-element-bd59834 elementor-widget elementor-widget-text-editor\" data-id=\"bd59834\" data-element_type=\"widget\" data-e-type=\"widget\" data-widget_type=\"text-editor.default\">\n\t\t\t\t<div class=\"elementor-widget-container\">\n\t\t\t\t\t\t\t\t\t<p><span style=\"font-family: Ink Free, serif;\"><span style=\"font-size: large;\">Esperientzia paregabeak eskaintzeko bilaketa lana.<\/span><\/span><\/p><p><span style=\"font-family: Ink Free, serif;\"><span style=\"font-size: large;\">Estetikoki oso zaindua dagoen produktu bat aurkitzen dugu, zehatz-mehatz\nhautatutako osagai batzuekin egina.<\/span><\/span><\/p><p><span style=\"font-family: Ink Free, serif;\"><span style=\"font-size: large;\">Kalitate goreneko osagaiak, km 0 eta % 100 jatorri naturala.<\/span><\/span><\/p><p><span style=\"font-family: Ink Free, serif;\"><span style=\"font-size: large;\">Egindako pastel bakoitza bakarra eta pertsonalizatua da<\/span><\/span><\/p>\t\t\t\t\t\t\t\t<\/div>\n\t\t\t\t<\/div>\n\t\t\t\t<div class=\"elementor-element elementor-element-60eedb4 elementor-widget elementor-widget-heading\" data-id=\"60eedb4\" data-element_type=\"widget\" data-e-type=\"widget\" data-widget_type=\"heading.default\">\n\t\t\t\t<div class=\"elementor-widget-container\">\n\t\t\t\t\t<h2 class=\"elementor-heading-title elementor-size-default\">OSAGAI NOBLEAK, PASTEL AHAZTEZINAK!<\/h2>\t\t\t\t<\/div>\n\t\t\t\t<\/div>\n\t\t\t\t<\/div>\n\t\t<div class=\"elementor-element elementor-element-2053a1f e-con-full e-flex e-con e-child\" data-id=\"2053a1f\" data-element_type=\"container\" data-e-type=\"container\">\n\t\t\t\t<div class=\"elementor-element elementor-element-0cbe662 elementor-widget elementor-widget-image\" data-id=\"0cbe662\" data-element_type=\"widget\" data-e-type=\"widget\" data-widget_type=\"image.default\">\n\t\t\t\t<div class=\"elementor-widget-container\">\n\t\t\t\t\t\t\t\t\t\t\t\t\t\t\t\t<a href=\"https:\/\/lavarillamagica.com\/wp-content\/uploads\/2025\/01\/IMG_20241212_002525-e1738258798769.jpg\" data-elementor-open-lightbox=\"yes\" data-e-action-hash=\"#elementor-action%3Aaction%3Dlightbox%26settings%3DeyJpZCI6MjA5OSwidXJsIjoiaHR0cHM6XC9cL2xhdmFyaWxsYW1hZ2ljYS5jb21cL3dwLWNvbnRlbnRcL3VwbG9hZHNcLzIwMjVcLzAxXC9JTUdfMjAyNDEyMTJfMDAyNTI1LWUxNzM4MjU4Nzk4NzY5LmpwZyJ9\">\n\t\t\t\t\t\t\t<img fetchpriority=\"high\" decoding=\"async\" width=\"1920\" height=\"1840\" src=\"https:\/\/lavarillamagica.com\/wp-content\/uploads\/2025\/01\/IMG_20241212_002525-e1738258798769.jpg\" class=\"attachment-full size-full wp-image-2099\" alt=\"\" srcset=\"https:\/\/lavarillamagica.com\/wp-content\/uploads\/2025\/01\/IMG_20241212_002525-e1738258798769.jpg 1920w, https:\/\/lavarillamagica.com\/wp-content\/uploads\/2025\/01\/IMG_20241212_002525-e1738258798769-300x288.jpg 300w, https:\/\/lavarillamagica.com\/wp-content\/uploads\/2025\/01\/IMG_20241212_002525-e1738258798769-1024x981.jpg 1024w, https:\/\/lavarillamagica.com\/wp-content\/uploads\/2025\/01\/IMG_20241212_002525-e1738258798769-768x736.jpg 768w, https:\/\/lavarillamagica.com\/wp-content\/uploads\/2025\/01\/IMG_20241212_002525-e1738258798769-1536x1472.jpg 1536w, https:\/\/lavarillamagica.com\/wp-content\/uploads\/2025\/01\/IMG_20241212_002525-e1738258798769-13x12.jpg 13w\" sizes=\"(max-width: 1920px) 100vw, 1920px\" \/>\t\t\t\t\t\t\t\t<\/a>\n\t\t\t\t\t\t\t\t\t\t\t\t\t\t\t<\/div>\n\t\t\t\t<\/div>\n\t\t\t\t<\/div>\n\t\t\t\t\t<\/div>\n\t\t\t\t<\/div>\n\t\t<div class=\"elementor-element elementor-element-37d5b44 e-flex e-con-boxed e-con e-parent\" data-id=\"37d5b44\" data-element_type=\"container\" data-e-type=\"container\">\n\t\t\t\t\t<div class=\"e-con-inner\">\n\t\t\t\t<div class=\"elementor-element elementor-element-53e7cab elementor-widget elementor-widget-heading\" data-id=\"53e7cab\" data-element_type=\"widget\" data-e-type=\"widget\" data-widget_type=\"heading.default\">\n\t\t\t\t<div class=\"elementor-widget-container\">\n\t\t\t\t\t<h2 class=\"elementor-heading-title elementor-size-default\">PREZIOAK<\/h2>\t\t\t\t<\/div>\n\t\t\t\t<\/div>\n\t\t\t\t\t<\/div>\n\t\t\t\t<\/div>\n\t\t<div class=\"elementor-element elementor-element-329106a e-flex e-con-boxed e-con e-parent\" data-id=\"329106a\" data-element_type=\"container\" data-e-type=\"container\">\n\t\t\t\t\t<div class=\"e-con-inner\">\n\t\t<div class=\"elementor-element elementor-element-aed0339 e-con-full e-flex e-con e-child\" data-id=\"aed0339\" data-element_type=\"container\" data-e-type=\"container\">\n\t\t\t\t<div class=\"elementor-element elementor-element-d3d122d elementor-widget elementor-widget-price-list\" data-id=\"d3d122d\" data-element_type=\"widget\" data-e-type=\"widget\" data-widget_type=\"price-list.default\">\n\t\t\t\t<div class=\"elementor-widget-container\">\n\t\t\t\t\t\n\t\t<ul class=\"elementor-price-list\">\n\n\t\t\t\t\t\t\t\t\t<li><a class=\"elementor-price-list-item\" href=\"#\">\t\t\t\t\n\t\t\t\t<div class=\"elementor-price-list-text\">\n\t\t\t\t\t\t\t\t\t<div class=\"elementor-price-list-header\">\n\t\t\t\t\t\t\t\t\t\t\t<span class=\"elementor-price-list-title\">\n\t\t\t\t\t\t\tTarta 10 x 15 zm (8 - 10 anoa)\t\t\t\t\t\t<\/span>\n\t\t\t\t\t\t\t\t\t\t\t\t\t\t\t\t\t\t<span class=\"elementor-price-list-separator\"><\/span>\n\t\t\t\t\t\t\t\t\t\t\t\t\t\t\t\t\t\t\t<span class=\"elementor-price-list-price\">48 \u20ac\/ ale<\/span>\n\t\t\t\t\t\t\t\t\t\t<\/div>\n\t\t\t\t\t\t\t\t\t\t\t\t<\/div>\n\t\t\t\t<\/a><\/li>\t\t\t\t\t\t\t\t\t\t\t\t<li><a class=\"elementor-price-list-item\" href=\"#\">\t\t\t\t\n\t\t\t\t<div class=\"elementor-price-list-text\">\n\t\t\t\t\t\t\t\t\t<div class=\"elementor-price-list-header\">\n\t\t\t\t\t\t\t\t\t\t\t<span class=\"elementor-price-list-title\">\n\t\t\t\t\t\t\t16 x 15\/16 zm tarta (14 - 16 anoa)\t\t\t\t\t\t<\/span>\n\t\t\t\t\t\t\t\t\t\t\t\t\t\t\t\t\t\t<span class=\"elementor-price-list-separator\"><\/span>\n\t\t\t\t\t\t\t\t\t\t\t\t\t\t\t\t\t\t\t<span class=\"elementor-price-list-price\">65 \u20ac\/ ale<\/span>\n\t\t\t\t\t\t\t\t\t\t<\/div>\n\t\t\t\t\t\t\t\t\t\t\t\t<\/div>\n\t\t\t\t<\/a><\/li>\t\t\t\t\t\t\t\t\t\t\t\t<li><a class=\"elementor-price-list-item\" href=\"#\">\t\t\t\t\n\t\t\t\t<div class=\"elementor-price-list-text\">\n\t\t\t\t\t\t\t\t\t<div class=\"elementor-price-list-header\">\n\t\t\t\t\t\t\t\t\t\t\t<span class=\"elementor-price-list-title\">\n\t\t\t\t\t\t\tTarta 18 x 15\/16 zm (18 - 20 anoa)\t\t\t\t\t\t<\/span>\n\t\t\t\t\t\t\t\t\t\t\t\t\t\t\t\t\t\t<span class=\"elementor-price-list-separator\"><\/span>\n\t\t\t\t\t\t\t\t\t\t\t\t\t\t\t\t\t\t\t<span class=\"elementor-price-list-price\">90 \u20ac\/ ale<\/span>\n\t\t\t\t\t\t\t\t\t\t<\/div>\n\t\t\t\t\t\t\t\t\t\t\t\t<\/div>\n\t\t\t\t<\/a><\/li>\t\t\t\t\t\t\t\t\t\t\t\t<li><a class=\"elementor-price-list-item\" href=\"#\">\t\t\t\t\n\t\t\t\t<div class=\"elementor-price-list-text\">\n\t\t\t\t\t\t\t\t\t<div class=\"elementor-price-list-header\">\n\t\t\t\t\t\t\t\t\t\t\t<span class=\"elementor-price-list-title\">\n\t\t\t\t\t\t\tTarta 20 x 15\/16 zm (25 anoa)\t\t\t\t\t\t<\/span>\n\t\t\t\t\t\t\t\t\t\t\t\t\t\t\t\t\t\t<span class=\"elementor-price-list-separator\"><\/span>\n\t\t\t\t\t\t\t\t\t\t\t\t\t\t\t\t\t\t\t<span class=\"elementor-price-list-price\">115 \u20ac\/ ale<\/span>\n\t\t\t\t\t\t\t\t\t\t<\/div>\n\t\t\t\t\t\t\t\t\t\t\t\t<\/div>\n\t\t\t\t<\/a><\/li>\t\t\t\t\t\n\t\t<\/ul>\n\n\t\t\t\t\t\t<\/div>\n\t\t\t\t<\/div>\n\t\t\t\t<\/div>\n\t\t<div class=\"elementor-element elementor-element-cc11e14 e-con-full e-flex e-con e-child\" data-id=\"cc11e14\" data-element_type=\"container\" data-e-type=\"container\">\n\t\t\t\t<div class=\"elementor-element elementor-element-d76b158 elementor-widget elementor-widget-price-list\" data-id=\"d76b158\" data-element_type=\"widget\" data-e-type=\"widget\" data-widget_type=\"price-list.default\">\n\t\t\t\t<div class=\"elementor-widget-container\">\n\t\t\t\t\t\n\t\t<ul class=\"elementor-price-list\">\n\n\t\t\t\t\t\t\t\t\t<li><a class=\"elementor-price-list-item\" href=\"#\">\t\t\t\t\n\t\t\t\t<div class=\"elementor-price-list-text\">\n\t\t\t\t\t\t\t\t\t<div class=\"elementor-price-list-header\">\n\t\t\t\t\t\t\t\t\t\t\t<span class=\"elementor-price-list-title\">\n\t\t\t\t\t\t\tBrowniea\t\t\t\t\t\t<\/span>\n\t\t\t\t\t\t\t\t\t\t\t\t\t\t\t\t\t\t<span class=\"elementor-price-list-separator\"><\/span>\n\t\t\t\t\t\t\t\t\t\t\t\t\t\t\t\t\t\t\t<span class=\"elementor-price-list-price\">3,25 \u20ac\/ unitate<\/span>\n\t\t\t\t\t\t\t\t\t\t<\/div>\n\t\t\t\t\t\t\t\t\t\t\t\t<\/div>\n\t\t\t\t<\/a><\/li>\t\t\t\t\t\t\t\t\t\t\t\t<li><a class=\"elementor-price-list-item\" href=\"#\">\t\t\t\t\n\t\t\t\t<div class=\"elementor-price-list-text\">\n\t\t\t\t\t\t\t\t\t<div class=\"elementor-price-list-header\">\n\t\t\t\t\t\t\t\t\t\t\t<span class=\"elementor-price-list-title\">\n\t\t\t\t\t\t\tMakaronak\t\t\t\t\t\t<\/span>\n\t\t\t\t\t\t\t\t\t\t\t\t\t\t\t\t\t\t<span class=\"elementor-price-list-separator\"><\/span>\n\t\t\t\t\t\t\t\t\t\t\t\t\t\t\t\t\t\t\t<span class=\"elementor-price-list-price\">1,25 \u20acunitateko<\/span>\n\t\t\t\t\t\t\t\t\t\t<\/div>\n\t\t\t\t\t\t\t\t\t\t\t\t<\/div>\n\t\t\t\t<\/a><\/li>\t\t\t\t\t\t\t\t\t\t\t\t<li><a class=\"elementor-price-list-item\" href=\"#\">\t\t\t\t\n\t\t\t\t<div class=\"elementor-price-list-text\">\n\t\t\t\t\t\t\t\t\t<div class=\"elementor-price-list-header\">\n\t\t\t\t\t\t\t\t\t\t\t<span class=\"elementor-price-list-title\">\n\t\t\t\t\t\t\tTartaletak\t\t\t\t\t\t<\/span>\n\t\t\t\t\t\t\t\t\t\t\t\t\t\t\t\t\t\t<span class=\"elementor-price-list-separator\"><\/span>\n\t\t\t\t\t\t\t\t\t\t\t\t\t\t\t\t\t\t\t<span class=\"elementor-price-list-price\">48 \u20ac\/ ale<\/span>\n\t\t\t\t\t\t\t\t\t\t<\/div>\n\t\t\t\t\t\t\t\t\t\t\t\t<\/div>\n\t\t\t\t<\/a><\/li>\t\t\t\t\t\t\t\t\t\t\t\t<li><a class=\"elementor-price-list-item\" href=\"#\">\t\t\t\t\n\t\t\t\t<div class=\"elementor-price-list-text\">\n\t\t\t\t\t\t\t\t\t<div class=\"elementor-price-list-header\">\n\t\t\t\t\t\t\t\t\t\t\t<span class=\"elementor-price-list-title\">\n\t\t\t\t\t\t\tCheese Cake\t\t\t\t\t\t<\/span>\n\t\t\t\t\t\t\t\t\t\t\t\t\t\t\t\t\t\t<span class=\"elementor-price-list-separator\"><\/span>\n\t\t\t\t\t\t\t\t\t\t\t\t\t\t\t\t\t\t\t<span class=\"elementor-price-list-price\">42 \u20ac\/ ale<\/span>\n\t\t\t\t\t\t\t\t\t\t<\/div>\n\t\t\t\t\t\t\t\t\t\t\t\t<\/div>\n\t\t\t\t<\/a><\/li>\t\t\t\t\t\t\t\t\t\t\t\t<li><a class=\"elementor-price-list-item\" href=\"#\">\t\t\t\t\n\t\t\t\t<div class=\"elementor-price-list-text\">\n\t\t\t\t\t\t\t\t\t<div class=\"elementor-price-list-header\">\n\t\t\t\t\t\t\t\t\t\t\t<span class=\"elementor-price-list-title\">\n\t\t\t\t\t\t\tCookieak\t\t\t\t\t\t<\/span>\n\t\t\t\t\t\t\t\t\t\t\t\t\t\t\t\t\t\t<span class=\"elementor-price-list-separator\"><\/span>\n\t\t\t\t\t\t\t\t\t\t\t\t\t\t\t\t\t\t\t<span class=\"elementor-price-list-price\">1 \u20ac\/ ale<\/span>\n\t\t\t\t\t\t\t\t\t\t<\/div>\n\t\t\t\t\t\t\t\t\t\t\t\t<\/div>\n\t\t\t\t<\/a><\/li>\t\t\t\t\t\t\t\t\t\t\t\t<li><a class=\"elementor-price-list-item\" href=\"#\">\t\t\t\t\n\t\t\t\t<div class=\"elementor-price-list-text\">\n\t\t\t\t\t\t\t\t\t<div class=\"elementor-price-list-header\">\n\t\t\t\t\t\t\t\t\t\t\t<span class=\"elementor-price-list-title\">\n\t\t\t\t\t\t\tDoughnuts\t\t\t\t\t\t<\/span>\n\t\t\t\t\t\t\t\t\t\t\t\t\t\t\t\t\t\t<span class=\"elementor-price-list-separator\"><\/span>\n\t\t\t\t\t\t\t\t\t\t\t\t\t\t\t\t\t\t\t<span class=\"elementor-price-list-price\">2 \u20acunitate<\/span>\n\t\t\t\t\t\t\t\t\t\t<\/div>\n\t\t\t\t\t\t\t\t\t\t\t\t<\/div>\n\t\t\t\t<\/a><\/li>\t\t\t\t\t\n\t\t<\/ul>\n\n\t\t\t\t\t\t<\/div>\n\t\t\t\t<\/div>\n\t\t\t\t<\/div>\n\t\t\t\t\t<\/div>\n\t\t\t\t<\/div>\n\t\t<div class=\"elementor-element elementor-element-c0c7f66 e-flex e-con-boxed e-con e-parent\" data-id=\"c0c7f66\" data-element_type=\"container\" data-e-type=\"container\">\n\t\t\t\t\t<div class=\"e-con-inner\">\n\t\t\t\t<div class=\"elementor-element elementor-element-cc653a1 elementor-widget elementor-widget-text-editor\" data-id=\"cc653a1\" data-element_type=\"widget\" data-e-type=\"widget\" data-widget_type=\"text-editor.default\">\n\t\t\t\t<div class=\"elementor-widget-container\">\n\t\t\t\t\t\t\t\t\t<p><em>* Neurriak x diametroari dagozkio.<\/em><\/p>\t\t\t\t\t\t\t\t<\/div>\n\t\t\t\t<\/div>\n\t\t\t\t\t<\/div>\n\t\t\t\t<\/div>\n\t\t<div class=\"elementor-element elementor-element-6266f49 e-flex e-con-boxed e-con e-parent\" data-id=\"6266f49\" data-element_type=\"container\" data-e-type=\"container\">\n\t\t\t\t\t<div class=\"e-con-inner\">\n\t\t\t\t<div class=\"elementor-element elementor-element-045b50f elementor-cta--skin-cover elementor-cta--valign-top elementor-animated-content elementor-bg-transform elementor-bg-transform-zoom-in elementor-widget elementor-widget-call-to-action\" data-id=\"045b50f\" data-element_type=\"widget\" data-e-type=\"widget\" data-widget_type=\"call-to-action.default\">\n\t\t\t\t<div class=\"elementor-widget-container\">\n\t\t\t\t\t\t\t<div class=\"elementor-cta\">\n\t\t\t\t\t<div class=\"elementor-cta__bg-wrapper\">\n\t\t\t\t<div class=\"elementor-cta__bg elementor-bg\" style=\"background-image: url(https:\/\/lavarillamagica.com\/wp-content\/uploads\/2025\/03\/filehomeuserEscritoriolavarillamagica.2025_Ikuxka_LaVarillaMagica_205_HD-2.jpg-2-scaled.jpg);\" role=\"img\" aria-label=\"filehomeuserEscritoriolavarillamagica.2025_Ikuxka_LaVarillaMagica_205_HD.jpg\"><\/div>\n\t\t\t\t<div class=\"elementor-cta__bg-overlay\"><\/div>\n\t\t\t<\/div>\n\t\t\t\t\t\t\t<div class=\"elementor-cta__content\">\n\t\t\t\t\n\t\t\t\t\t\t\t\t\t<h2 class=\"elementor-cta__title elementor-cta__content-item elementor-content-item elementor-animated-item--grow\">\n\t\t\t\t\t\t \t\t\t\t\t<\/h2>\n\t\t\t\t\n\t\t\t\t\n\t\t\t\t\t\t\t\t\t<div class=\"elementor-cta__button-wrapper elementor-cta__content-item elementor-content-item elementor-animated-item--grow\">\n\t\t\t\t\t<a class=\"elementor-cta__button elementor-button elementor-size-\" href=\"https:\/\/lavarillamagica.com\/eus\/contacto\/\">\n\t\t\t\t\t\tKontaktua\t\t\t\t\t<\/a>\n\t\t\t\t\t<\/div>\n\t\t\t\t\t\t\t<\/div>\n\t\t\t\t\t\t<\/div>\n\t\t\t\t\t\t<\/div>\n\t\t\t\t<\/div>\n\t\t\t\t\t<\/div>\n\t\t\t\t<\/div>\n\t\t\t\t<\/div>","protected":false},"excerpt":{"rendered":"<p>Es aqu\u00ed donde sucede la magia Trabajo en la b\u00fasqueda para ofrecer experiencias \u00fanicas. Nos encontramos con un producto est\u00e9ticamente muy cuidado, elaborado con una serie de ingredientes seleccionados meticulosamente. Ingredientes de su m\u00e1xima calidad, km 0 y 100% origen natural. Cada pastel elaborado es \u00fanico y personalizado. \u00a1Ingredientes nobles, pasteles inolvidables! Precios Tarta 10 [&hellip;]<\/p>\n","protected":false},"author":3,"featured_media":0,"parent":0,"menu_order":0,"comment_status":"closed","ping_status":"closed","template":"elementor_canvas","meta":{"footnotes":""},"class_list":["post-16","page","type-page","status-publish","hentry"],"yoast_head":"<!-- This site is optimized with the Yoast SEO plugin v27.4 - https:\/\/yoast.com\/product\/yoast-seo-wordpress\/ -->\n<title>La pasteler\u00eda - La Varilla M\u00e1gica<\/title>\n<meta name=\"robots\" content=\"index, follow, max-snippet:-1, max-image-preview:large, max-video-preview:-1\" \/>\n<link rel=\"canonical\" href=\"https:\/\/lavarillamagica.com\/eus\/servicios\/\" \/>\n<meta property=\"og:locale\" content=\"en_US\" \/>\n<meta property=\"og:type\" content=\"article\" \/>\n<meta property=\"og:title\" content=\"La pasteler\u00eda - La Varilla M\u00e1gica\" \/>\n<meta property=\"og:description\" content=\"Es aqu\u00ed donde sucede la magia Trabajo en la b\u00fasqueda para ofrecer experiencias \u00fanicas. Nos encontramos con un producto est\u00e9ticamente muy cuidado, elaborado con una serie de ingredientes seleccionados meticulosamente. Ingredientes de su m\u00e1xima calidad, km 0 y 100% origen natural. Cada pastel elaborado es \u00fanico y personalizado. \u00a1Ingredientes nobles, pasteles inolvidables! Precios Tarta 10 [&hellip;]\" \/>\n<meta property=\"og:url\" content=\"https:\/\/lavarillamagica.com\/eus\/servicios\/\" \/>\n<meta property=\"og:site_name\" content=\"La Varilla M\u00e1gica\" \/>\n<meta property=\"article:modified_time\" content=\"2025-03-20T08:53:06+00:00\" \/>\n<meta property=\"og:image\" content=\"https:\/\/lavarillamagica.com\/wp-content\/uploads\/2025\/01\/IMG_20241212_002525-e1738258798769.jpg\" \/>\n\t<meta property=\"og:image:width\" content=\"1920\" \/>\n\t<meta property=\"og:image:height\" content=\"1840\" \/>\n\t<meta property=\"og:image:type\" content=\"image\/jpeg\" \/>\n<meta name=\"twitter:card\" content=\"summary_large_image\" \/>\n<meta name=\"twitter:label1\" content=\"Est. reading time\" \/>\n\t<meta name=\"twitter:data1\" content=\"1 minutua\" \/>\n<script type=\"application\/ld+json\" class=\"yoast-schema-graph\">{\"@context\":\"https:\\\/\\\/schema.org\",\"@graph\":[{\"@type\":\"WebPage\",\"@id\":\"https:\\\/\\\/lavarillamagica.com\\\/servicios\\\/\",\"url\":\"https:\\\/\\\/lavarillamagica.com\\\/servicios\\\/\",\"name\":\"La pasteler\u00eda - La Varilla M\u00e1gica\",\"isPartOf\":{\"@id\":\"https:\\\/\\\/lavarillamagica.com\\\/#website\"},\"primaryImageOfPage\":{\"@id\":\"https:\\\/\\\/lavarillamagica.com\\\/servicios\\\/#primaryimage\"},\"image\":{\"@id\":\"https:\\\/\\\/lavarillamagica.com\\\/servicios\\\/#primaryimage\"},\"thumbnailUrl\":\"https:\\\/\\\/lavarillamagica.com\\\/wp-content\\\/uploads\\\/2025\\\/01\\\/IMG_20241212_002525-e1738258798769.jpg\",\"datePublished\":\"2024-07-08T11:33:36+00:00\",\"dateModified\":\"2025-03-20T08:53:06+00:00\",\"breadcrumb\":{\"@id\":\"https:\\\/\\\/lavarillamagica.com\\\/servicios\\\/#breadcrumb\"},\"inLanguage\":\"eu\",\"potentialAction\":[{\"@type\":\"ReadAction\",\"target\":[\"https:\\\/\\\/lavarillamagica.com\\\/servicios\\\/\"]}]},{\"@type\":\"ImageObject\",\"inLanguage\":\"eu\",\"@id\":\"https:\\\/\\\/lavarillamagica.com\\\/servicios\\\/#primaryimage\",\"url\":\"https:\\\/\\\/lavarillamagica.com\\\/wp-content\\\/uploads\\\/2025\\\/01\\\/IMG_20241212_002525-e1738258798769.jpg\",\"contentUrl\":\"https:\\\/\\\/lavarillamagica.com\\\/wp-content\\\/uploads\\\/2025\\\/01\\\/IMG_20241212_002525-e1738258798769.jpg\"},{\"@type\":\"BreadcrumbList\",\"@id\":\"https:\\\/\\\/lavarillamagica.com\\\/servicios\\\/#breadcrumb\",\"itemListElement\":[{\"@type\":\"ListItem\",\"position\":1,\"name\":\"Portada\",\"item\":\"https:\\\/\\\/lavarillamagica.com\\\/\"},{\"@type\":\"ListItem\",\"position\":2,\"name\":\"La pasteler\u00eda\"}]},{\"@type\":\"WebSite\",\"@id\":\"https:\\\/\\\/lavarillamagica.com\\\/#website\",\"url\":\"https:\\\/\\\/lavarillamagica.com\\\/\",\"name\":\"La Varilla M\u00e1gica\",\"description\":\"Soy postrera, amante de la gastronom\u00eda y del mundo dulce\",\"publisher\":{\"@id\":\"https:\\\/\\\/lavarillamagica.com\\\/#organization\"},\"potentialAction\":[{\"@type\":\"SearchAction\",\"target\":{\"@type\":\"EntryPoint\",\"urlTemplate\":\"https:\\\/\\\/lavarillamagica.com\\\/?s={search_term_string}\"},\"query-input\":{\"@type\":\"PropertyValueSpecification\",\"valueRequired\":true,\"valueName\":\"search_term_string\"}}],\"inLanguage\":\"eu\"},{\"@type\":\"Organization\",\"@id\":\"https:\\\/\\\/lavarillamagica.com\\\/#organization\",\"name\":\"La Varilla M\u00e1gica\",\"url\":\"https:\\\/\\\/lavarillamagica.com\\\/\",\"logo\":{\"@type\":\"ImageObject\",\"inLanguage\":\"eu\",\"@id\":\"https:\\\/\\\/lavarillamagica.com\\\/#\\\/schema\\\/logo\\\/image\\\/\",\"url\":\"https:\\\/\\\/lavarillamagica.com\\\/wp-content\\\/uploads\\\/2024\\\/12\\\/cropped-Design-sem-nome-1.jpg\",\"contentUrl\":\"https:\\\/\\\/lavarillamagica.com\\\/wp-content\\\/uploads\\\/2024\\\/12\\\/cropped-Design-sem-nome-1.jpg\",\"width\":1280,\"height\":1280,\"caption\":\"La Varilla M\u00e1gica\"},\"image\":{\"@id\":\"https:\\\/\\\/lavarillamagica.com\\\/#\\\/schema\\\/logo\\\/image\\\/\"}}]}<\/script>\n<!-- \/ Yoast SEO plugin. -->","yoast_head_json":{"title":"La pasteler\u00eda - La Varilla M\u00e1gica","robots":{"index":"index","follow":"follow","max-snippet":"max-snippet:-1","max-image-preview":"max-image-preview:large","max-video-preview":"max-video-preview:-1"},"canonical":"https:\/\/lavarillamagica.com\/eus\/servicios\/","og_locale":"en_US","og_type":"article","og_title":"La pasteler\u00eda - La Varilla M\u00e1gica","og_description":"Es aqu\u00ed donde sucede la magia Trabajo en la b\u00fasqueda para ofrecer experiencias \u00fanicas. Nos encontramos con un producto est\u00e9ticamente muy cuidado, elaborado con una serie de ingredientes seleccionados meticulosamente. Ingredientes de su m\u00e1xima calidad, km 0 y 100% origen natural. Cada pastel elaborado es \u00fanico y personalizado. \u00a1Ingredientes nobles, pasteles inolvidables! Precios Tarta 10 [&hellip;]","og_url":"https:\/\/lavarillamagica.com\/eus\/servicios\/","og_site_name":"La Varilla M\u00e1gica","article_modified_time":"2025-03-20T08:53:06+00:00","og_image":[{"width":1920,"height":1840,"url":"https:\/\/lavarillamagica.com\/wp-content\/uploads\/2025\/01\/IMG_20241212_002525-e1738258798769.jpg","type":"image\/jpeg"}],"twitter_card":"summary_large_image","twitter_misc":{"Est. reading time":"1 minutua"},"schema":{"@context":"https:\/\/schema.org","@graph":[{"@type":"WebPage","@id":"https:\/\/lavarillamagica.com\/servicios\/","url":"https:\/\/lavarillamagica.com\/servicios\/","name":"La pasteler\u00eda - La Varilla M\u00e1gica","isPartOf":{"@id":"https:\/\/lavarillamagica.com\/#website"},"primaryImageOfPage":{"@id":"https:\/\/lavarillamagica.com\/servicios\/#primaryimage"},"image":{"@id":"https:\/\/lavarillamagica.com\/servicios\/#primaryimage"},"thumbnailUrl":"https:\/\/lavarillamagica.com\/wp-content\/uploads\/2025\/01\/IMG_20241212_002525-e1738258798769.jpg","datePublished":"2024-07-08T11:33:36+00:00","dateModified":"2025-03-20T08:53:06+00:00","breadcrumb":{"@id":"https:\/\/lavarillamagica.com\/servicios\/#breadcrumb"},"inLanguage":"eu","potentialAction":[{"@type":"ReadAction","target":["https:\/\/lavarillamagica.com\/servicios\/"]}]},{"@type":"ImageObject","inLanguage":"eu","@id":"https:\/\/lavarillamagica.com\/servicios\/#primaryimage","url":"https:\/\/lavarillamagica.com\/wp-content\/uploads\/2025\/01\/IMG_20241212_002525-e1738258798769.jpg","contentUrl":"https:\/\/lavarillamagica.com\/wp-content\/uploads\/2025\/01\/IMG_20241212_002525-e1738258798769.jpg"},{"@type":"BreadcrumbList","@id":"https:\/\/lavarillamagica.com\/servicios\/#breadcrumb","itemListElement":[{"@type":"ListItem","position":1,"name":"Portada","item":"https:\/\/lavarillamagica.com\/"},{"@type":"ListItem","position":2,"name":"La pasteler\u00eda"}]},{"@type":"WebSite","@id":"https:\/\/lavarillamagica.com\/#website","url":"https:\/\/lavarillamagica.com\/","name":"La Varilla M\u00e1gica","description":"Soy postrera, amante de la gastronom\u00eda y del mundo dulce","publisher":{"@id":"https:\/\/lavarillamagica.com\/#organization"},"potentialAction":[{"@type":"SearchAction","target":{"@type":"EntryPoint","urlTemplate":"https:\/\/lavarillamagica.com\/?s={search_term_string}"},"query-input":{"@type":"PropertyValueSpecification","valueRequired":true,"valueName":"search_term_string"}}],"inLanguage":"eu"},{"@type":"Organization","@id":"https:\/\/lavarillamagica.com\/#organization","name":"La Varilla M\u00e1gica","url":"https:\/\/lavarillamagica.com\/","logo":{"@type":"ImageObject","inLanguage":"eu","@id":"https:\/\/lavarillamagica.com\/#\/schema\/logo\/image\/","url":"https:\/\/lavarillamagica.com\/wp-content\/uploads\/2024\/12\/cropped-Design-sem-nome-1.jpg","contentUrl":"https:\/\/lavarillamagica.com\/wp-content\/uploads\/2024\/12\/cropped-Design-sem-nome-1.jpg","width":1280,"height":1280,"caption":"La Varilla M\u00e1gica"},"image":{"@id":"https:\/\/lavarillamagica.com\/#\/schema\/logo\/image\/"}}]}},"_links":{"self":[{"href":"https:\/\/lavarillamagica.com\/eus\/wp-json\/wp\/v2\/pages\/16","targetHints":{"allow":["GET"]}}],"collection":[{"href":"https:\/\/lavarillamagica.com\/eus\/wp-json\/wp\/v2\/pages"}],"about":[{"href":"https:\/\/lavarillamagica.com\/eus\/wp-json\/wp\/v2\/types\/page"}],"author":[{"embeddable":true,"href":"https:\/\/lavarillamagica.com\/eus\/wp-json\/wp\/v2\/users\/3"}],"replies":[{"embeddable":true,"href":"https:\/\/lavarillamagica.com\/eus\/wp-json\/wp\/v2\/comments?post=16"}],"version-history":[{"count":567,"href":"https:\/\/lavarillamagica.com\/eus\/wp-json\/wp\/v2\/pages\/16\/revisions"}],"predecessor-version":[{"id":2859,"href":"https:\/\/lavarillamagica.com\/eus\/wp-json\/wp\/v2\/pages\/16\/revisions\/2859"}],"wp:attachment":[{"href":"https:\/\/lavarillamagica.com\/eus\/wp-json\/wp\/v2\/media?parent=16"}],"curies":[{"name":"wp","href":"https:\/\/api.w.org\/{rel}","templated":true}]}}